{"id":8689,"date":"2023-08-06T16:04:23","date_gmt":"2023-08-06T14:04:23","guid":{"rendered":"https:\/\/www.m-mineralien.de\/?post_type=product&#038;p=8689"},"modified":"2023-08-06T16:07:02","modified_gmt":"2023-08-06T14:07:02","slug":"crinoiden-seelilien-7","status":"publish","type":"product","link":"https:\/\/www.m-mineralien.de\/en\/product\/crinoiden-seelilien-7\/","title":{"rendered":"Crinoiden \/ Seelilien"},"content":{"rendered":"<p><strong>Echtes Naturerbe: Erfoud Crinoiden Platten<\/strong><\/p>\n<p>Holen Sie sich ein St\u00fcck echtes Naturerbe nach Hause mit unseren Crinoiden Platten aus der Erfoud-Region in Marokko. Jedes Fossil wurde mit gr\u00f6\u00dfter Sorgfalt pr\u00e4pariert, um die einzigartige Sch\u00f6nheit und Anmut dieser Seelilien zu bewahren. Diese hochwertigen St\u00fccke sind nicht nur beeindruckende Zeugnisse der Vergangenheit, sondern auch zeitlose Kunstwerke, die in jeder Sammlung strahlen.<\/p>\n<p><strong>Ma\u00dfe:<\/strong><\/p>\n<p>17&#215;14 cm<\/p>\n<p><strong>Locality:<\/strong><\/p>\n<p>Erfoud, Marokko<\/p>\n<p>Der genannte Preis ist f\u00fcr Selbstabholung in Marokko g\u00fcltig. Bitte nehmen Sie Kontakt mit uns auf, falls Sie eine Versandoption w\u00fcnschen.<\/p>\n<p><strong>Artikel: 26 &#8211; 7<br \/>\n<\/strong><\/p>\n<p><strong>Would you like to purchase this piece?<\/strong> Please send us an inquiry about this. Orders will be automated in the future. Until then, just contact us: <a href=\"https:\/\/www.m-mineralien.de\/en\/kontakt-mineralienhaendler\/\" target=\"_blank\" rel=\"noopener\"><strong>Contact<\/strong><\/a><\/p>","protected":false},"excerpt":{"rendered":"<p><strong>Crinoiden \/ Seelilien:<\/strong> Dieses St\u00fcck wurde professionell und aufwendig pr\u00e4pariert.<\/p>","protected":false},"featured_media":8690,"template":"","meta":{"_acf_changed":false},"product_brand":[],"product_cat":[108,107],"product_tag":[],"class_list":{"0":"post-8689","1":"product","2":"type-product","3":"status-publish","4":"has-post-thumbnail","6":"product_cat-crinoiden","7":"product_cat-fossilien","9":"first","10":"instock","11":"sold-individually","12":"shipping-taxable","13":"purchasable","14":"product-type-simple"},"acf":[],"yoast_head":"<!-- This site is optimized with the Yoast SEO plugin v27.1.1 - https:\/\/yoast.com\/product\/yoast-seo-wordpress\/ -->\n<title>Crinoiden \/ Seelilien: Fossilien Marokko<\/title>\n<meta name=\"description\" content=\"Crinoiden \/ Seelilien: Entdecken Sie die Sch\u00e4tze des l\u00e4ngst vergangenen Ozeans mit unseren beeindruckenden Crinoiden Platten aus Erfoud, Marokko.\" \/>\n<meta name=\"robots\" content=\"index, follow, max-snippet:-1, max-image-preview:large, max-video-preview:-1\" \/>\n<link rel=\"canonical\" href=\"https:\/\/www.m-mineralien.de\/en\/product\/crinoiden-seelilien-7\/\" \/>\n<meta property=\"og:locale\" content=\"en_US\" \/>\n<meta property=\"og:type\" content=\"article\" \/>\n<meta property=\"og:title\" content=\"Crinoiden \/ Seelilien: Fossilien Marokko\" \/>\n<meta property=\"og:description\" content=\"Crinoiden \/ Seelilien: Entdecken Sie die Sch\u00e4tze des l\u00e4ngst vergangenen Ozeans mit unseren beeindruckenden Crinoiden Platten aus Erfoud, Marokko.\" \/>\n<meta property=\"og:url\" content=\"https:\/\/www.m-mineralien.de\/en\/product\/crinoiden-seelilien-7\/\" \/>\n<meta property=\"og:site_name\" content=\"M-Mineralien\" \/>\n<meta property=\"article:publisher\" content=\"https:\/\/www.facebook.com\/saalimwaald\" \/>\n<meta property=\"article:modified_time\" content=\"2023-08-06T14:07:02+00:00\" \/>\n<meta property=\"og:image\" content=\"https:\/\/www.m-mineralien.de\/wp-content\/uploads\/2023\/08\/IMG-20230805-WA0015-min.jpg\" \/>\n\t<meta property=\"og:image:width\" content=\"593\" \/>\n\t<meta property=\"og:image:height\" content=\"688\" \/>\n\t<meta property=\"og:image:type\" content=\"image\/jpeg\" \/>\n<meta name=\"twitter:card\" content=\"summary_large_image\" \/>\n<meta name=\"twitter:label1\" content=\"Est. reading time\" \/>\n\t<meta name=\"twitter:data1\" content=\"1 minute\" \/>\n<!-- \/ Yoast SEO plugin. -->","yoast_head_json":{"title":"Crinoiden \/ Seelilien: Fossilien Marokko","description":"Crinoiden \/ Seelilien: Entdecken Sie die Sch\u00e4tze des l\u00e4ngst vergangenen Ozeans mit unseren beeindruckenden Crinoiden Platten aus Erfoud, Marokko.","robots":{"index":"index","follow":"follow","max-snippet":"max-snippet:-1","max-image-preview":"max-image-preview:large","max-video-preview":"max-video-preview:-1"},"canonical":"https:\/\/www.m-mineralien.de\/en\/product\/crinoiden-seelilien-7\/","og_locale":"en_US","og_type":"article","og_title":"Crinoiden \/ Seelilien: Fossilien Marokko","og_description":"Crinoiden \/ Seelilien: Entdecken Sie die Sch\u00e4tze des l\u00e4ngst vergangenen Ozeans mit unseren beeindruckenden Crinoiden Platten aus Erfoud, Marokko.","og_url":"https:\/\/www.m-mineralien.de\/en\/product\/crinoiden-seelilien-7\/","og_site_name":"M-Mineralien","article_publisher":"https:\/\/www.facebook.com\/saalimwaald","article_modified_time":"2023-08-06T14:07:02+00:00","og_image":[{"width":593,"height":688,"url":"https:\/\/www.m-mineralien.de\/wp-content\/uploads\/2023\/08\/IMG-20230805-WA0015-min.jpg","type":"image\/jpeg"}],"twitter_card":"summary_large_image","twitter_misc":{"Est. reading time":"1 minute"},"schema":{"@context":"https:\/\/schema.org","@graph":[{"@type":"WebPage","@id":"https:\/\/www.m-mineralien.de\/produkt\/crinoiden-seelilien-7\/","url":"https:\/\/www.m-mineralien.de\/produkt\/crinoiden-seelilien-7\/","name":"Crinoiden \/ Seelilien: Fossilien Marokko","isPartOf":{"@id":"https:\/\/www.m-mineralien.de\/#website"},"primaryImageOfPage":{"@id":"https:\/\/www.m-mineralien.de\/produkt\/crinoiden-seelilien-7\/#primaryimage"},"image":{"@id":"https:\/\/www.m-mineralien.de\/produkt\/crinoiden-seelilien-7\/#primaryimage"},"thumbnailUrl":"https:\/\/www.m-mineralien.de\/wp-content\/uploads\/2023\/08\/IMG-20230805-WA0015-min.jpg","datePublished":"2023-08-06T14:04:23+00:00","dateModified":"2023-08-06T14:07:02+00:00","description":"Crinoiden \/ Seelilien: Entdecken Sie die Sch\u00e4tze des l\u00e4ngst vergangenen Ozeans mit unseren beeindruckenden Crinoiden Platten aus Erfoud, Marokko.","breadcrumb":{"@id":"https:\/\/www.m-mineralien.de\/produkt\/crinoiden-seelilien-7\/#breadcrumb"},"inLanguage":"en-US","potentialAction":[{"@type":"ReadAction","target":["https:\/\/www.m-mineralien.de\/produkt\/crinoiden-seelilien-7\/"]}]},{"@type":"ImageObject","inLanguage":"en-US","@id":"https:\/\/www.m-mineralien.de\/produkt\/crinoiden-seelilien-7\/#primaryimage","url":"https:\/\/www.m-mineralien.de\/wp-content\/uploads\/2023\/08\/IMG-20230805-WA0015-min.jpg","contentUrl":"https:\/\/www.m-mineralien.de\/wp-content\/uploads\/2023\/08\/IMG-20230805-WA0015-min.jpg","width":593,"height":688,"caption":"Crinoiden \/ Seelilien"},{"@type":"BreadcrumbList","@id":"https:\/\/www.m-mineralien.de\/produkt\/crinoiden-seelilien-7\/#breadcrumb","itemListElement":[{"@type":"ListItem","position":1,"name":"Startseite","item":"https:\/\/www.m-mineralien.de\/"},{"@type":"ListItem","position":2,"name":"Shop","item":"https:\/\/www.m-mineralien.de\/shop\/"},{"@type":"ListItem","position":3,"name":"Crinoiden \/ Seelilien"}]},{"@type":"WebSite","@id":"https:\/\/www.m-mineralien.de\/#website","url":"https:\/\/www.m-mineralien.de\/","name":"Minerals Morocco","description":"Minerals Morocco","publisher":{"@id":"https:\/\/www.m-mineralien.de\/#organization"},"potentialAction":[{"@type":"SearchAction","target":{"@type":"EntryPoint","urlTemplate":"https:\/\/www.m-mineralien.de\/?s={search_term_string}"},"query-input":{"@type":"PropertyValueSpecification","valueRequired":true,"valueName":"search_term_string"}}],"inLanguage":"en-US"},{"@type":"Organization","@id":"https:\/\/www.m-mineralien.de\/#organization","name":"Minerals Morocco","url":"https:\/\/www.m-mineralien.de\/","logo":{"@type":"ImageObject","inLanguage":"en-US","@id":"https:\/\/www.m-mineralien.de\/#\/schema\/logo\/image\/","url":"https:\/\/www.m-mineralien.de\/wp-content\/uploads\/2022\/11\/7-min.png","contentUrl":"https:\/\/www.m-mineralien.de\/wp-content\/uploads\/2022\/11\/7-min.png","width":492,"height":229,"caption":"Marokko Mineralien"},"image":{"@id":"https:\/\/www.m-mineralien.de\/#\/schema\/logo\/image\/"},"sameAs":["https:\/\/www.facebook.com\/saalimwaald","https:\/\/www.instagram.com\/waldworldwide\/"]}]}},"_links":{"self":[{"href":"https:\/\/www.m-mineralien.de\/en\/wp-json\/wp\/v2\/product\/8689","targetHints":{"allow":["GET"]}}],"collection":[{"href":"https:\/\/www.m-mineralien.de\/en\/wp-json\/wp\/v2\/product"}],"about":[{"href":"https:\/\/www.m-mineralien.de\/en\/wp-json\/wp\/v2\/types\/product"}],"wp:featuredmedia":[{"embeddable":true,"href":"https:\/\/www.m-mineralien.de\/en\/wp-json\/wp\/v2\/media\/8690"}],"wp:attachment":[{"href":"https:\/\/www.m-mineralien.de\/en\/wp-json\/wp\/v2\/media?parent=8689"}],"wp:term":[{"taxonomy":"product_brand","embeddable":true,"href":"https:\/\/www.m-mineralien.de\/en\/wp-json\/wp\/v2\/product_brand?post=8689"},{"taxonomy":"product_cat","embeddable":true,"href":"https:\/\/www.m-mineralien.de\/en\/wp-json\/wp\/v2\/product_cat?post=8689"},{"taxonomy":"product_tag","embeddable":true,"href":"https:\/\/www.m-mineralien.de\/en\/wp-json\/wp\/v2\/product_tag?post=8689"}],"curies":[{"name":"wp","href":"https:\/\/api.w.org\/{rel}","templated":true}]}}